{"id":2403,"date":"2023-01-10T17:17:40","date_gmt":"2023-01-10T17:17:40","guid":{"rendered":"https:\/\/radarhh.com\/headhunting-services\/"},"modified":"2024-02-19T03:32:49","modified_gmt":"2024-02-19T03:32:49","slug":"services-recrutement-cadres","status":"publish","type":"page","link":"https:\/\/radarhh.com\/fr\/services-recrutement-cadres\/","title":{"rendered":"Services"},"content":{"rendered":"","protected":false},"excerpt":{"rendered":"","protected":false},"author":2,"featured_media":0,"parent":0,"menu_order":0,"comment_status":"closed","ping_status":"closed","template":"","meta":{"_acf_changed":false},"class_list":["post-2403","page","type-page","status-publish","hentry"],"acf":[],"yoast_head":"<!-- This site is optimized with the Yoast SEO plugin v26.5 - https:\/\/yoast.com\/wordpress\/plugins\/seo\/ -->\n<title>Services de recrutement de cadres | radar hh<\/title>\n<meta name=\"description\" content=\"Vous \u00eates \u00e0 la recherche de cadres ex\u00e9cutifs? Nos services en recrutement de cadres sont con\u00e7us pour vous aider \u00e0 identifier et attirer les meilleurs candidats.\" \/>\n<meta name=\"robots\" content=\"index, follow, max-snippet:-1, max-image-preview:large, max-video-preview:-1\" \/>\n<link rel=\"canonical\" href=\"https:\/\/radarhh.com\/fr\/services-recrutement-cadres\/\" \/>\n<meta property=\"og:locale\" content=\"fr_FR\" \/>\n<meta property=\"og:type\" content=\"article\" \/>\n<meta property=\"og:title\" content=\"Services de recrutement de cadres | radar hh\" \/>\n<meta property=\"og:description\" content=\"Vous \u00eates \u00e0 la recherche de cadres ex\u00e9cutifs? Nos services en recrutement de cadres sont con\u00e7us pour vous aider \u00e0 identifier et attirer les meilleurs candidats.\" \/>\n<meta property=\"og:url\" content=\"https:\/\/radarhh.com\/fr\/services-recrutement-cadres\/\" \/>\n<meta property=\"og:site_name\" content=\"radar\" \/>\n<meta property=\"article:publisher\" content=\"https:\/\/www.facebook.com\/radarChasseursdetalents\" \/>\n<meta property=\"article:modified_time\" content=\"2024-02-19T03:32:49+00:00\" \/>\n<meta name=\"twitter:card\" content=\"summary_large_image\" \/>\n<script type=\"application\/ld+json\" class=\"yoast-schema-graph\">{\"@context\":\"https:\/\/schema.org\",\"@graph\":[{\"@type\":\"WebPage\",\"@id\":\"https:\/\/radarhh.com\/fr\/services-recrutement-cadres\/\",\"url\":\"https:\/\/radarhh.com\/fr\/services-recrutement-cadres\/\",\"name\":\"Services de recrutement de cadres | radar hh\",\"isPartOf\":{\"@id\":\"https:\/\/radarhh.com\/fr\/#website\"},\"datePublished\":\"2023-01-10T17:17:40+00:00\",\"dateModified\":\"2024-02-19T03:32:49+00:00\",\"description\":\"Vous \u00eates \u00e0 la recherche de cadres ex\u00e9cutifs? Nos services en recrutement de cadres sont con\u00e7us pour vous aider \u00e0 identifier et attirer les meilleurs candidats.\",\"breadcrumb\":{\"@id\":\"https:\/\/radarhh.com\/fr\/services-recrutement-cadres\/#breadcrumb\"},\"inLanguage\":\"fr-FR\",\"potentialAction\":[{\"@type\":\"ReadAction\",\"target\":[\"https:\/\/radarhh.com\/fr\/services-recrutement-cadres\/\"]}]},{\"@type\":\"BreadcrumbList\",\"@id\":\"https:\/\/radarhh.com\/fr\/services-recrutement-cadres\/#breadcrumb\",\"itemListElement\":[{\"@type\":\"ListItem\",\"position\":1,\"name\":\"Accueil\",\"item\":\"https:\/\/radarhh.com\/fr\/\"},{\"@type\":\"ListItem\",\"position\":2,\"name\":\"Services\"}]},{\"@type\":\"WebSite\",\"@id\":\"https:\/\/radarhh.com\/fr\/#website\",\"url\":\"https:\/\/radarhh.com\/fr\/\",\"name\":\"radar : Executive Search Firm\",\"description\":\"\",\"publisher\":{\"@id\":\"https:\/\/radarhh.com\/fr\/#organization\"},\"alternateName\":\"radar\",\"potentialAction\":[{\"@type\":\"SearchAction\",\"target\":{\"@type\":\"EntryPoint\",\"urlTemplate\":\"https:\/\/radarhh.com\/fr\/?s={search_term_string}\"},\"query-input\":{\"@type\":\"PropertyValueSpecification\",\"valueRequired\":true,\"valueName\":\"search_term_string\"}}],\"inLanguage\":\"fr-FR\"},{\"@type\":\"Organization\",\"@id\":\"https:\/\/radarhh.com\/fr\/#organization\",\"name\":\"radar\",\"alternateName\":\"radar Headhunting Firm\",\"url\":\"https:\/\/radarhh.com\/fr\/\",\"logo\":{\"@type\":\"ImageObject\",\"inLanguage\":\"fr-FR\",\"@id\":\"https:\/\/radarhh.com\/fr\/#\/schema\/logo\/image\/\",\"url\":\"https:\/\/radarhh.com\/wp-content\/uploads\/2023\/08\/Radar-EN.svg\",\"contentUrl\":\"https:\/\/radarhh.com\/wp-content\/uploads\/2023\/08\/Radar-EN.svg\",\"width\":249,\"height\":107,\"caption\":\"radar\"},\"image\":{\"@id\":\"https:\/\/radarhh.com\/fr\/#\/schema\/logo\/image\/\"},\"sameAs\":[\"https:\/\/www.facebook.com\/radarChasseursdetalents\",\"https:\/\/www.linkedin.com\/company\/radarheadhunters\/\"]}]}<\/script>\n<!-- \/ Yoast SEO plugin. -->","yoast_head_json":{"title":"Services de recrutement de cadres | radar hh","description":"Vous \u00eates \u00e0 la recherche de cadres ex\u00e9cutifs? Nos services en recrutement de cadres sont con\u00e7us pour vous aider \u00e0 identifier et attirer les meilleurs candidats.","robots":{"index":"index","follow":"follow","max-snippet":"max-snippet:-1","max-image-preview":"max-image-preview:large","max-video-preview":"max-video-preview:-1"},"canonical":"https:\/\/radarhh.com\/fr\/services-recrutement-cadres\/","og_locale":"fr_FR","og_type":"article","og_title":"Services de recrutement de cadres | radar hh","og_description":"Vous \u00eates \u00e0 la recherche de cadres ex\u00e9cutifs? Nos services en recrutement de cadres sont con\u00e7us pour vous aider \u00e0 identifier et attirer les meilleurs candidats.","og_url":"https:\/\/radarhh.com\/fr\/services-recrutement-cadres\/","og_site_name":"radar","article_publisher":"https:\/\/www.facebook.com\/radarChasseursdetalents","article_modified_time":"2024-02-19T03:32:49+00:00","twitter_card":"summary_large_image","schema":{"@context":"https:\/\/schema.org","@graph":[{"@type":"WebPage","@id":"https:\/\/radarhh.com\/fr\/services-recrutement-cadres\/","url":"https:\/\/radarhh.com\/fr\/services-recrutement-cadres\/","name":"Services de recrutement de cadres | radar hh","isPartOf":{"@id":"https:\/\/radarhh.com\/fr\/#website"},"datePublished":"2023-01-10T17:17:40+00:00","dateModified":"2024-02-19T03:32:49+00:00","description":"Vous \u00eates \u00e0 la recherche de cadres ex\u00e9cutifs? Nos services en recrutement de cadres sont con\u00e7us pour vous aider \u00e0 identifier et attirer les meilleurs candidats.","breadcrumb":{"@id":"https:\/\/radarhh.com\/fr\/services-recrutement-cadres\/#breadcrumb"},"inLanguage":"fr-FR","potentialAction":[{"@type":"ReadAction","target":["https:\/\/radarhh.com\/fr\/services-recrutement-cadres\/"]}]},{"@type":"BreadcrumbList","@id":"https:\/\/radarhh.com\/fr\/services-recrutement-cadres\/#breadcrumb","itemListElement":[{"@type":"ListItem","position":1,"name":"Accueil","item":"https:\/\/radarhh.com\/fr\/"},{"@type":"ListItem","position":2,"name":"Services"}]},{"@type":"WebSite","@id":"https:\/\/radarhh.com\/fr\/#website","url":"https:\/\/radarhh.com\/fr\/","name":"radar : Executive Search Firm","description":"","publisher":{"@id":"https:\/\/radarhh.com\/fr\/#organization"},"alternateName":"radar","potentialAction":[{"@type":"SearchAction","target":{"@type":"EntryPoint","urlTemplate":"https:\/\/radarhh.com\/fr\/?s={search_term_string}"},"query-input":{"@type":"PropertyValueSpecification","valueRequired":true,"valueName":"search_term_string"}}],"inLanguage":"fr-FR"},{"@type":"Organization","@id":"https:\/\/radarhh.com\/fr\/#organization","name":"radar","alternateName":"radar Headhunting Firm","url":"https:\/\/radarhh.com\/fr\/","logo":{"@type":"ImageObject","inLanguage":"fr-FR","@id":"https:\/\/radarhh.com\/fr\/#\/schema\/logo\/image\/","url":"https:\/\/radarhh.com\/wp-content\/uploads\/2023\/08\/Radar-EN.svg","contentUrl":"https:\/\/radarhh.com\/wp-content\/uploads\/2023\/08\/Radar-EN.svg","width":249,"height":107,"caption":"radar"},"image":{"@id":"https:\/\/radarhh.com\/fr\/#\/schema\/logo\/image\/"},"sameAs":["https:\/\/www.facebook.com\/radarChasseursdetalents","https:\/\/www.linkedin.com\/company\/radarheadhunters\/"]}]}},"_links":{"self":[{"href":"https:\/\/radarhh.com\/fr\/wp-json\/wp\/v2\/pages\/2403","targetHints":{"allow":["GET"]}}],"collection":[{"href":"https:\/\/radarhh.com\/fr\/wp-json\/wp\/v2\/pages"}],"about":[{"href":"https:\/\/radarhh.com\/fr\/wp-json\/wp\/v2\/types\/page"}],"author":[{"embeddable":true,"href":"https:\/\/radarhh.com\/fr\/wp-json\/wp\/v2\/users\/2"}],"replies":[{"embeddable":true,"href":"https:\/\/radarhh.com\/fr\/wp-json\/wp\/v2\/comments?post=2403"}],"version-history":[{"count":0,"href":"https:\/\/radarhh.com\/fr\/wp-json\/wp\/v2\/pages\/2403\/revisions"}],"wp:attachment":[{"href":"https:\/\/radarhh.com\/fr\/wp-json\/wp\/v2\/media?parent=2403"}],"curies":[{"name":"wp","href":"https:\/\/api.w.org\/{rel}","templated":true}]}}